{"id":23841,"date":"2025-05-04T18:45:03","date_gmt":"2025-05-04T18:45:03","guid":{"rendered":"https:\/\/stancedubs.net\/auto\/?page_id=23841"},"modified":"2025-05-06T20:07:06","modified_gmt":"2025-05-06T20:07:06","slug":"preparacao","status":"publish","type":"page","link":"https:\/\/stancedubs.net\/auto\/preparacao\/","title":{"rendered":"Prepara\u00e7\u00e3o"},"content":{"rendered":"\t\t<div data-elementor-type=\"wp-page\" data-elementor-id=\"23841\" class=\"elementor elementor-23841\">\n\t\t\t\t<div class=\"elementor-element elementor-element-d1f9b76 e-flex e-con-boxed e-con e-parent\" data-id=\"d1f9b76\" data-element_type=\"container\">\n\t\t\t\t\t<div class=\"e-con-inner\">\n\t\t\t\t<div class=\"elementor-element elementor-element-7c1bcfc elementor-widget elementor-widget-spacer\" data-id=\"7c1bcfc\" data-element_type=\"widget\" data-widget_type=\"spacer.default\">\n\t\t\t\t<div class=\"elementor-widget-container\">\n\t\t\t\t\t\t\t<div class=\"elementor-spacer\">\n\t\t\t<div class=\"elementor-spacer-inner\"><\/div>\n\t\t<\/div>\n\t\t\t\t\t\t<\/div>\n\t\t\t\t<\/div>\n\t\t\t\t\t<\/div>\n\t\t\t\t<\/div>\n\t\t<div class=\"elementor-element elementor-element-66e25c8 e-grid e-con-boxed e-con e-parent\" data-id=\"66e25c8\" data-element_type=\"container\">\n\t\t\t\t\t<div class=\"e-con-inner\">\n\t\t<div class=\"elementor-element elementor-element-28a2ff8 e-con-full e-grid e-con e-child\" data-id=\"28a2ff8\" data-element_type=\"container\">\n\t\t\t\t<div class=\"elementor-element elementor-element-92050e5 elementor-widget elementor-widget-image\" data-id=\"92050e5\" data-element_type=\"widget\" data-widget_type=\"image.default\">\n\t\t\t\t<div class=\"elementor-widget-container\">\n\t\t\t\t\t\t\t\t\t\t\t\t\t\t\t<img fetchpriority=\"high\" decoding=\"async\" width=\"600\" height=\"900\" src=\"https:\/\/stancedubs.net\/auto\/wp-content\/uploads\/2025\/05\/pexels-tima-miroshnichenko-6872609-683x1024.jpg\" class=\"attachment-large size-large wp-image-23848\" alt=\"\" srcset=\"https:\/\/stancedubs.net\/auto\/wp-content\/uploads\/2025\/05\/pexels-tima-miroshnichenko-6872609-683x1024.jpg 683w, https:\/\/stancedubs.net\/auto\/wp-content\/uploads\/2025\/05\/pexels-tima-miroshnichenko-6872609-200x300.jpg 200w, https:\/\/stancedubs.net\/auto\/wp-content\/uploads\/2025\/05\/pexels-tima-miroshnichenko-6872609-768x1152.jpg 768w, https:\/\/stancedubs.net\/auto\/wp-content\/uploads\/2025\/05\/pexels-tima-miroshnichenko-6872609-1024x1536.jpg 1024w, https:\/\/stancedubs.net\/auto\/wp-content\/uploads\/2025\/05\/pexels-tima-miroshnichenko-6872609-1365x2048.jpg 1365w, https:\/\/stancedubs.net\/auto\/wp-content\/uploads\/2025\/05\/pexels-tima-miroshnichenko-6872609-165x248.jpg 165w, https:\/\/stancedubs.net\/auto\/wp-content\/uploads\/2025\/05\/pexels-tima-miroshnichenko-6872609-scaled.jpg 1707w\" sizes=\"(max-width: 600px) 100vw, 600px\" \/>\t\t\t\t\t\t\t\t\t\t\t\t\t\t\t<\/div>\n\t\t\t\t<\/div>\n\t\t\t\t<div class=\"elementor-element elementor-element-741f82d elementor-widget elementor-widget-text-editor\" data-id=\"741f82d\" data-element_type=\"widget\" data-widget_type=\"text-editor.default\">\n\t\t\t\t<div class=\"elementor-widget-container\">\n\t\t\t\t\t\t\t\t\t<h4>\u00a0<\/h4><h4>\u00a0<\/h4><h4>\u00a0<\/h4><h1><b>COMO PREPARAMOS A SUA VIATURA PARA ENTREGA?<\/b><\/h1><h1><b>\u00a0<\/b><\/h1><hr \/><h4>\u00a0<\/h4><h4><strong>LAVAGEM |\u00a0<\/strong>As nossas viaturas s\u00e3o preparadas com o maior rigor de limpeza e detalhe antes da entrega.<\/h4><h4><strong>DETALHE |\u00a0<\/strong>A limpeza das viaturas \u00e9 confiada a \u201cdetailers\u201d para descontaminar e higienizar ao m\u00e1ximo.<\/h4><h4><strong>PREPARA\u00c7\u00c3O |\u00a0<\/strong>Todas viaturas s\u00e3o revistas a n\u00edvel mec\u00e2nico, funcional, e est\u00e9tico. Viaturas com acess\u00f3rios que se destacam.<\/h4><h4><strong>CR\u00c9DITO AUTO | <\/strong>Caso necessite, facilitamos a transa\u00e7\u00e3o comercial com media\u00e7\u00e3o de financiamento autom\u00f3vel \u00e0 medida do seu or\u00e7amento.<\/h4>\t\t\t\t\t\t\t\t<\/div>\n\t\t\t\t<\/div>\n\t\t\t\t<\/div>\n\t\t\t\t\t<\/div>\n\t\t\t\t<\/div>\n\t\t<div class=\"elementor-element elementor-element-39d78fb e-flex e-con-boxed e-con e-parent\" data-id=\"39d78fb\" data-element_type=\"container\">\n\t\t\t\t\t<div class=\"e-con-inner\">\n\t\t\t\t<div class=\"elementor-element elementor-element-beab338 elementor-widget elementor-widget-spacer\" data-id=\"beab338\" data-element_type=\"widget\" data-widget_type=\"spacer.default\">\n\t\t\t\t<div class=\"elementor-widget-container\">\n\t\t\t\t\t\t\t<div class=\"elementor-spacer\">\n\t\t\t<div class=\"elementor-spacer-inner\"><\/div>\n\t\t<\/div>\n\t\t\t\t\t\t<\/div>\n\t\t\t\t<\/div>\n\t\t\t\t\t<\/div>\n\t\t\t\t<\/div>\n\t\t\t\t<\/div>\n\t\t","protected":false},"excerpt":{"rendered":"<p>\u00a0 \u00a0 \u00a0 COMO PREPARAMOS A SUA VIATURA PARA ENTREGA? \u00a0 \u00a0 LAVAGEM |\u00a0As nossas viaturas s\u00e3o preparadas com o maior rigor de limpeza e detalhe antes da entrega. DETALHE |\u00a0A limpeza das viaturas \u00e9 confiada a \u201cdetailers\u201d para descontaminar e higienizar ao m\u00e1ximo. PREPARA\u00c7\u00c3O |\u00a0Todas viaturas s\u00e3o revistas a n\u00edvel mec\u00e2nico, funcional, e est\u00e9tico. [&hellip;]<\/p>\n","protected":false},"author":1,"featured_media":0,"parent":0,"menu_order":0,"comment_status":"closed","ping_status":"closed","template":"","meta":{"_acf_changed":false,"footnotes":""},"class_list":["post-23841","page","type-page","status-publish","hentry"],"acf":[],"_links":{"self":[{"href":"https:\/\/stancedubs.net\/auto\/wp-json\/wp\/v2\/pages\/23841","targetHints":{"allow":["GET"]}}],"collection":[{"href":"https:\/\/stancedubs.net\/auto\/wp-json\/wp\/v2\/pages"}],"about":[{"href":"https:\/\/stancedubs.net\/auto\/wp-json\/wp\/v2\/types\/page"}],"author":[{"embeddable":true,"href":"https:\/\/stancedubs.net\/auto\/wp-json\/wp\/v2\/users\/1"}],"replies":[{"embeddable":true,"href":"https:\/\/stancedubs.net\/auto\/wp-json\/wp\/v2\/comments?post=23841"}],"version-history":[{"count":32,"href":"https:\/\/stancedubs.net\/auto\/wp-json\/wp\/v2\/pages\/23841\/revisions"}],"predecessor-version":[{"id":23875,"href":"https:\/\/stancedubs.net\/auto\/wp-json\/wp\/v2\/pages\/23841\/revisions\/23875"}],"wp:attachment":[{"href":"https:\/\/stancedubs.net\/auto\/wp-json\/wp\/v2\/media?parent=23841"}],"curies":[{"name":"wp","href":"https:\/\/api.w.org\/{rel}","templated":true}]}}