{"id":15861,"date":"2020-09-17T06:35:26","date_gmt":"2020-09-17T06:35:26","guid":{"rendered":"https:\/\/demo.mycartheme.com\/?page_id=15861"},"modified":"2025-05-04T18:44:19","modified_gmt":"2025-05-04T18:44:19","slug":"meet-the-team","status":"publish","type":"page","link":"https:\/\/stancedubs.net\/auto\/meet-the-team\/","title":{"rendered":"Projeto S.D."},"content":{"rendered":"\t\t<div data-elementor-type=\"wp-page\" data-elementor-id=\"15861\" class=\"elementor elementor-15861\">\n\t\t\t\t\t\t<section class=\"elementor-section elementor-top-section elementor-element elementor-element-2f06ad4d elementor-section-height-min-height elementor-section-boxed elementor-section-height-default elementor-section-items-middle\" data-id=\"2f06ad4d\" data-element_type=\"section\" data-settings=\"{&quot;background_background&quot;:&quot;video&quot;,&quot;background_video_link&quot;:&quot;https:\\\/\\\/www.youtube.com\\\/watch?v=AKuIWPoLZIc&quot;,&quot;background_video_start&quot;:26,&quot;background_video_end&quot;:42}\">\n\t\t\t\t\t\t\t\t<div class=\"elementor-background-video-container elementor-hidden-mobile\">\n\t\t\t\t\t\t\t\t\t\t\t\t\t<div class=\"elementor-background-video-embed\"><\/div>\n\t\t\t\t\t\t\t\t\t\t\t\t<\/div>\n\t\t\t\t\t\t\t\t\t<div class=\"elementor-background-overlay\"><\/div>\n\t\t\t\t\t\t\t<div class=\"elementor-container elementor-column-gap-default\">\n\t\t\t\t\t<div class=\"elementor-column elementor-col-100 elementor-top-column elementor-element elementor-element-26b20298\" data-id=\"26b20298\" data-element_type=\"column\">\n\t\t\t<div class=\"elementor-widget-wrap elementor-element-populated\">\n\t\t\t\t\t\t<div class=\"elementor-element elementor-element-2b9f099d elementor-widget elementor-widget-spacer\" data-id=\"2b9f099d\" data-element_type=\"widget\" data-widget_type=\"spacer.default\">\n\t\t\t\t<div class=\"elementor-widget-container\">\n\t\t\t\t\t\t\t<div class=\"elementor-spacer\">\n\t\t\t<div class=\"elementor-spacer-inner\"><\/div>\n\t\t<\/div>\n\t\t\t\t\t\t<\/div>\n\t\t\t\t<\/div>\n\t\t\t\t<div class=\"elementor-element elementor-element-76cb5997 elementor-widget elementor-widget-heading\" data-id=\"76cb5997\" data-element_type=\"widget\" data-widget_type=\"heading.default\">\n\t\t\t\t<div class=\"elementor-widget-container\">\n\t\t\t\t\t<h1 class=\"elementor-heading-title elementor-size-default\">STANCE DUBS<\/h1>\t\t\t\t<\/div>\n\t\t\t\t<\/div>\n\t\t\t\t<div class=\"elementor-element elementor-element-17bca260 elementor-widget elementor-widget-heading\" data-id=\"17bca260\" data-element_type=\"widget\" data-widget_type=\"heading.default\">\n\t\t\t\t<div class=\"elementor-widget-container\">\n\t\t\t\t\t<h2 class=\"elementor-heading-title elementor-size-default\">Com\u00e9rcio de Autom\u00f3veis | Acess\u00f3rios e Merchandising | Evento Summer on Stance.<\/h2>\t\t\t\t<\/div>\n\t\t\t\t<\/div>\n\t\t\t\t\t<\/div>\n\t\t<\/div>\n\t\t\t\t\t<\/div>\n\t\t<\/section>\n\t\t\t\t<section class=\"elementor-section elementor-top-section elementor-element elementor-element-5a2083b8 elementor-section-content-middle elementor-section-boxed elementor-section-height-default elementor-section-height-default\" data-id=\"5a2083b8\" data-element_type=\"section\" data-settings=\"{&quot;background_background&quot;:&quot;classic&quot;}\">\n\t\t\t\t\t\t<div class=\"elementor-container elementor-column-gap-default\">\n\t\t\t\t\t<div class=\"elementor-column elementor-col-100 elementor-top-column elementor-element elementor-element-5b898690\" data-id=\"5b898690\" data-element_type=\"column\">\n\t\t\t<div class=\"elementor-widget-wrap elementor-element-populated\">\n\t\t\t\t\t\t<div class=\"elementor-element elementor-element-10f9c7d elementor-widget elementor-widget-vehica_breadcrumbs_general_widget\" data-id=\"10f9c7d\" data-element_type=\"widget\" data-widget_type=\"vehica_breadcrumbs_general_widget.default\">\n\t\t\t\t<div class=\"elementor-widget-container\">\n\t\t\t\t\t<div class=\"vehica-app\">\n            <div class=\"vehica-breadcrumbs-wrapper\" v-dragscroll.pass=\"true\">\n            <div class=\"vehica-breadcrumbs\">\n                                        <span class=\"vehica-breadcrumbs__last\">\n                    Homepage                <\/span>\n                                                <\/div>\n        <\/div>\n    <\/div>\t\t\t\t<\/div>\n\t\t\t\t<\/div>\n\t\t\t\t\t<\/div>\n\t\t<\/div>\n\t\t\t\t\t<\/div>\n\t\t<\/section>\n\t\t\t\t<section class=\"elementor-section elementor-top-section elementor-element elementor-element-ee5a1cb elementor-section-boxed elementor-section-height-default elementor-section-height-default\" data-id=\"ee5a1cb\" data-element_type=\"section\">\n\t\t\t\t\t\t<div class=\"elementor-container elementor-column-gap-default\">\n\t\t\t\t\t<div class=\"elementor-column elementor-col-100 elementor-top-column elementor-element elementor-element-b2ddb65\" data-id=\"b2ddb65\" data-element_type=\"column\">\n\t\t\t<div class=\"elementor-widget-wrap elementor-element-populated\">\n\t\t\t\t\t\t<div class=\"elementor-element elementor-element-125bc69 elementor-widget elementor-widget-spacer\" data-id=\"125bc69\" data-element_type=\"widget\" data-widget_type=\"spacer.default\">\n\t\t\t\t<div class=\"elementor-widget-container\">\n\t\t\t\t\t\t\t<div class=\"elementor-spacer\">\n\t\t\t<div class=\"elementor-spacer-inner\"><\/div>\n\t\t<\/div>\n\t\t\t\t\t\t<\/div>\n\t\t\t\t<\/div>\n\t\t\t\t<div class=\"elementor-element elementor-element-42b7b9e elementor-widget elementor-widget-text-editor\" data-id=\"42b7b9e\" data-element_type=\"widget\" data-widget_type=\"text-editor.default\">\n\t\t\t\t<div class=\"elementor-widget-container\">\n\t\t\t\t\t\t\t\t\t<h2 id=\"somos-referencia-no-mercado-automovel\" class=\"wp-block-heading alignwide has-text-align-center\"><strong>Somos refer\u00eancia no mercado autom\u00f3vel.<\/strong><\/h2><p class=\"has-text-align-center\">Unidos pela paix\u00e3o autom\u00f3vel, a nossa equipa lan\u00e7a novas tend\u00eancias no mercado dos autom\u00f3veis personalizados, tanto pelas viaturas que comercializamos, como pelos eventos que organizamos.<\/p><p>\u00a0<\/p>\t\t\t\t\t\t\t\t<\/div>\n\t\t\t\t<\/div>\n\t\t\t\t<div class=\"elementor-element elementor-element-e14c526 elementor-widget elementor-widget-spacer\" data-id=\"e14c526\" data-element_type=\"widget\" data-widget_type=\"spacer.default\">\n\t\t\t\t<div class=\"elementor-widget-container\">\n\t\t\t\t\t\t\t<div class=\"elementor-spacer\">\n\t\t\t<div class=\"elementor-spacer-inner\"><\/div>\n\t\t<\/div>\n\t\t\t\t\t\t<\/div>\n\t\t\t\t<\/div>\n\t\t\t\t<div class=\"elementor-element elementor-element-9397780 elementor-widget elementor-widget-text-editor\" data-id=\"9397780\" data-element_type=\"widget\" data-widget_type=\"text-editor.default\">\n\t\t\t\t<div class=\"elementor-widget-container\">\n\t\t\t\t\t\t\t\t\t<h1 style=\"text-align: center;\"><strong>High Quality Stance Projects<br \/><\/strong>Made in Portugal<\/h1>\t\t\t\t\t\t\t\t<\/div>\n\t\t\t\t<\/div>\n\t\t\t\t\t<\/div>\n\t\t<\/div>\n\t\t\t\t\t<\/div>\n\t\t<\/section>\n\t\t\t\t<section class=\"elementor-section elementor-top-section elementor-element elementor-element-587d320 elementor-section-full_width elementor-section-height-default elementor-section-height-default\" data-id=\"587d320\" data-element_type=\"section\">\n\t\t\t\t\t\t<div class=\"elementor-container elementor-column-gap-default\">\n\t\t\t\t\t<div class=\"elementor-column elementor-col-100 elementor-top-column elementor-element elementor-element-240bddc\" data-id=\"240bddc\" data-element_type=\"column\">\n\t\t\t<div class=\"elementor-widget-wrap elementor-element-populated\">\n\t\t\t\t\t\t<div class=\"elementor-element elementor-element-c24704e elementor-widget-divider--view-line elementor-widget elementor-widget-divider\" data-id=\"c24704e\" data-element_type=\"widget\" data-widget_type=\"divider.default\">\n\t\t\t\t<div class=\"elementor-widget-container\">\n\t\t\t\t\t\t\t<div class=\"elementor-divider\">\n\t\t\t<span class=\"elementor-divider-separator\">\n\t\t\t\t\t\t<\/span>\n\t\t<\/div>\n\t\t\t\t\t\t<\/div>\n\t\t\t\t<\/div>\n\t\t\t\t\t<\/div>\n\t\t<\/div>\n\t\t\t\t\t<\/div>\n\t\t<\/section>\n\t\t\t\t<\/div>\n\t\t","protected":false},"excerpt":{"rendered":"<p>STANCE DUBS Com\u00e9rcio de Autom\u00f3veis | Acess\u00f3rios e Merchandising | Evento Summer on Stance. Homepage Somos refer\u00eancia no mercado autom\u00f3vel. Unidos pela paix\u00e3o autom\u00f3vel, a nossa equipa lan\u00e7a novas tend\u00eancias no mercado dos autom\u00f3veis personalizados, tanto pelas viaturas que comercializamos, como pelos eventos que organizamos. \u00a0 High Quality Stance ProjectsMade in Portugal<\/p>\n","protected":false},"author":1,"featured_media":0,"parent":0,"menu_order":0,"comment_status":"closed","ping_status":"closed","template":"","meta":{"_acf_changed":false,"footnotes":""},"class_list":["post-15861","page","type-page","status-publish","hentry"],"acf":[],"_links":{"self":[{"href":"https:\/\/stancedubs.net\/auto\/wp-json\/wp\/v2\/pages\/15861","targetHints":{"allow":["GET"]}}],"collection":[{"href":"https:\/\/stancedubs.net\/auto\/wp-json\/wp\/v2\/pages"}],"about":[{"href":"https:\/\/stancedubs.net\/auto\/wp-json\/wp\/v2\/types\/page"}],"author":[{"embeddable":true,"href":"https:\/\/stancedubs.net\/auto\/wp-json\/wp\/v2\/users\/1"}],"replies":[{"embeddable":true,"href":"https:\/\/stancedubs.net\/auto\/wp-json\/wp\/v2\/comments?post=15861"}],"version-history":[{"count":10,"href":"https:\/\/stancedubs.net\/auto\/wp-json\/wp\/v2\/pages\/15861\/revisions"}],"predecessor-version":[{"id":23840,"href":"https:\/\/stancedubs.net\/auto\/wp-json\/wp\/v2\/pages\/15861\/revisions\/23840"}],"wp:attachment":[{"href":"https:\/\/stancedubs.net\/auto\/wp-json\/wp\/v2\/media?parent=15861"}],"curies":[{"name":"wp","href":"https:\/\/api.w.org\/{rel}","templated":true}]}}