{"id":12464,"date":"2020-07-06T15:35:57","date_gmt":"2020-07-06T15:35:57","guid":{"rendered":"https:\/\/demo1.mycartheme.com\/?page_id=12464"},"modified":"2025-05-15T17:56:13","modified_gmt":"2025-05-15T17:56:13","slug":"loan-calculator","status":"publish","type":"page","link":"https:\/\/stancedubs.net\/auto\/loan-calculator\/","title":{"rendered":"Loan Calculator"},"content":{"rendered":"\t\t<div data-elementor-type=\"wp-page\" data-elementor-id=\"12464\" class=\"elementor elementor-12464\">\n\t\t\t\t\t\t<section class=\"elementor-section elementor-top-section elementor-element elementor-element-be4c023 elementor-section-boxed elementor-section-height-default elementor-section-height-default\" data-id=\"be4c023\" data-element_type=\"section\">\n\t\t\t\t\t\t<div class=\"elementor-container elementor-column-gap-default\">\n\t\t\t\t\t<div class=\"elementor-column elementor-col-100 elementor-top-column elementor-element elementor-element-ff5ae5e\" data-id=\"ff5ae5e\" data-element_type=\"column\">\n\t\t\t<div class=\"elementor-widget-wrap elementor-element-populated\">\n\t\t\t\t\t\t<div class=\"elementor-element elementor-element-b2fdcac elementor-widget elementor-widget-spacer\" data-id=\"b2fdcac\" data-element_type=\"widget\" data-widget_type=\"spacer.default\">\n\t\t\t\t<div class=\"elementor-widget-container\">\n\t\t\t\t\t\t\t<div class=\"elementor-spacer\">\n\t\t\t<div class=\"elementor-spacer-inner\"><\/div>\n\t\t<\/div>\n\t\t\t\t\t\t<\/div>\n\t\t\t\t<\/div>\n\t\t\t\t<div class=\"elementor-element elementor-element-15e152e elementor-widget__width-auto elementor-widget elementor-widget-text-editor\" data-id=\"15e152e\" data-element_type=\"widget\" data-widget_type=\"text-editor.default\">\n\t\t\t\t<div class=\"elementor-widget-container\">\n\t\t\t\t\t\t\t\t\t<h2 style=\"text-align: left;\"><strong>Cr\u00e9dito Autom\u00f3vel<\/strong><\/h2><p style=\"text-align: left;\">&#8220;Cr\u00e9dito Autom\u00f3vel&#8221; refere-se a um tipo de financiamento destinado \u00e0 compra de ve\u00edculos, geralmente concedido por bancos, financeiras ou concession\u00e1rios.<\/p><p style=\"text-align: left;\">Conduza o carro dos seus sonhos hoje! <strong>Com o nosso Cr\u00e9dito Autom\u00f3vel, \u00e9 mais f\u00e1cil do que imagina!<\/strong><\/p><p style=\"text-align: center;\">\u00a0<\/p>\t\t\t\t\t\t\t\t<\/div>\n\t\t\t\t<\/div>\n\t\t\t\t<div class=\"elementor-element elementor-element-1607bc3 elementor-widget elementor-widget-spacer\" data-id=\"1607bc3\" data-element_type=\"widget\" data-widget_type=\"spacer.default\">\n\t\t\t\t<div class=\"elementor-widget-container\">\n\t\t\t\t\t\t\t<div class=\"elementor-spacer\">\n\t\t\t<div class=\"elementor-spacer-inner\"><\/div>\n\t\t<\/div>\n\t\t\t\t\t\t<\/div>\n\t\t\t\t<\/div>\n\t\t\t\t\t<\/div>\n\t\t<\/div>\n\t\t\t\t\t<\/div>\n\t\t<\/section>\n\t\t<div class=\"elementor-element elementor-element-b5af6fa e-grid e-con-boxed e-con e-parent\" data-id=\"b5af6fa\" data-element_type=\"container\">\n\t\t\t\t\t<div class=\"e-con-inner\">\n\t\t\t\t<div class=\"elementor-element elementor-element-a5eed1f elementor-widget elementor-widget-text-editor\" data-id=\"a5eed1f\" data-element_type=\"widget\" data-widget_type=\"text-editor.default\">\n\t\t\t\t<div class=\"elementor-widget-container\">\n\t\t\t\t\t\t\t\t\t<p class=\"\" data-start=\"262\" data-end=\"467\">\ud83d\udcb0 <strong data-start=\"265\" data-end=\"287\">Taxas competitivas<\/strong><br data-start=\"287\" data-end=\"290\" \/>\ud83d\udcc5 <strong data-start=\"293\" data-end=\"327\">Prazos flex\u00edveis at\u00e9 120 meses<\/strong><br data-start=\"327\" data-end=\"330\" \/>\u2705 <strong data-start=\"332\" data-end=\"369\">Aprova\u00e7\u00e3o r\u00e1pida e sem burocracia<\/strong><br data-start=\"369\" data-end=\"372\" \/>\ud83d\ude98 <strong data-start=\"375\" data-end=\"421\">Financiamento at\u00e9 100% do valor do ve\u00edculo<\/strong><br data-start=\"421\" data-end=\"424\" \/>\ud83d\udd12 <strong data-start=\"427\" data-end=\"467\">O carro \u00e9 seu \u2013 com total seguran\u00e7a!<\/strong><\/p><p data-start=\"262\" data-end=\"467\">\u00a0<\/p><p class=\"\" data-start=\"262\" data-end=\"467\"><strong data-start=\"469\" data-end=\"500\">Quer comprar novo ou usado?<\/strong><\/p><p data-start=\"262\" data-end=\"467\">\u00a0<\/p><p class=\"\" data-start=\"262\" data-end=\"467\">N\u00f3s ajudamos.<br \/>Simule j\u00e1 o seu cr\u00e9dito e receba uma proposta em minutos.<\/p><p data-start=\"469\" data-end=\"574\">\u00a0<\/p><p class=\"\" data-start=\"469\" data-end=\"574\">\ud83d\udc49 [Simular agora a presta\u00e7\u00e3o mensal]<br data-start=\"594\" data-end=\"597\" \/>\ud83d\udcde Ligue 00351 910859175 (Chamada para rede m\u00f3vel nacional)<br \/>\ud83d\udcac Fale connosco<\/p>\t\t\t\t\t\t\t\t<\/div>\n\t\t\t\t<\/div>\n\t\t\t\t<div class=\"elementor-element elementor-element-e9eb972 elementor-widget elementor-widget-text-editor\" data-id=\"e9eb972\" data-element_type=\"widget\" data-widget_type=\"text-editor.default\">\n\t\t\t\t<div class=\"elementor-widget-container\">\n\t\t\t\t\t\t\t\t\t<p><div data-uniq='69fecb514e713' class='uniq-69fecb514e713 formcraft-css form-live align-left'><script> window.formcraftLogic = window.formcraftLogic || {}; window.formcraftLogic[2] = []; <\/script><div class=\"fc-pagination-cover fc-pagination-1\">\n\t\t\t\t<div class=\"fc-pagination width-100\">\n\t\t\t\t\t<!-- ngRepeat: page in Builder.FormElements track by $index --><div class=\"pagination-trigger \" data-index=\"0\">\n\t\t\t\t\t\t<span class=\"page-number\"><span >1<\/span><\/span>\n\t\t\t\t\t\t<span class=\"page-name \">Step 1<\/span>\n\t\t\t\t\t\t\n\t\t\t\t\t<\/div><!-- end ngRepeat: page in Builder.FormElements track by $index -->\n\t\t\t\t<\/div>\n\t\t\t<\/div>\n\t\t\t\n\t\t\t<style scoped=\"scoped\" >\n\t\t\t@media (max-width : 480px) {\n\t\t\t\t.fc_modal-dialog-2 .fc-pagination-cover .fc-pagination\n\t\t\t\t{\n\t\t\t\t\tbackground-color: none !important;\n\t\t\t\t}\n\t\t\t}\n\t\t\t\t\t\t.formcraft-css .fc-form.fc-form-2 .form-element .submit-cover .submit-button,\n\t\t\t.formcraft-css .fc-form.fc-form-2 .form-element .fileupload-cover .button-file,\n\t\t\t.formcraft-css .fc-form.fc-form-2 .form-element .field-cover .button,\n\t\t\t.formcraft-datepicker .ui-datepicker-header,\n\t\t\t.formcraft-datepicker .ui-datepicker-title\n\t\t\t{\n\t\t\t\tbackground: #6199ed;\n\t\t\t\tcolor: #ffffff;\n\t\t\t}\n\t\t\t.formcraft-datepicker td .ui-state-active,\n\t\t\t.formcraft-datepicker td .ui-state-hover,\n\t\t\t.formcraft-css .fc-form.fc-form-2 .form-element .slider-cover .ui-slider-range\n\t\t\t{\n\t\t\t\tbackground: #6199ed;\n\t\t\t}\n\t\t\t#ui-datepicker-div.formcraft-datepicker .ui-datepicker-header,\n\t\t\t.formcraft-css .fc-form .field-cover>div.full hr\n\t\t\t{\n\t\t\t\tborder-color: #5586d0;\n\t\t\t}\n\t\t\t#ui-datepicker-div.formcraft-datepicker .ui-datepicker-prev:hover,\n\t\t\t#ui-datepicker-div.formcraft-datepicker .ui-datepicker-next:hover,\n\t\t\t#ui-datepicker-div.formcraft-datepicker select.ui-datepicker-month:hover,\n\t\t\t#ui-datepicker-div.formcraft-datepicker select.ui-datepicker-year:hover\n\t\t\t{\n\t\t\t\tbackground-color: #5586d0;\n\t\t\t}\n\t\t\t.formcraft-css .fc-pagination>div.active .page-number,\n\t\t\t.formcraft-css .form-cover-builder .fc-pagination>div:first-child .page-number\n\t\t\t{\n\t\t\t\tbackground-color: #4488ee;\n\t\t\t\tcolor: #ffffff;\n\t\t\t}\n\t\t\t#ui-datepicker-div.formcraft-datepicker table.ui-datepicker-calendar th,\n\t\t\t#ui-datepicker-div.formcraft-datepicker table.ui-datepicker-calendar td.ui-datepicker-today a,\n\t\t\t.formcraft-css .fc-form.fc-form-2 .form-element .star-cover label,\n\t\t\thtml .formcraft-css .fc-form.label-floating .form-element .field-cover.has-focus>span,\n\t\t\t.formcraft-css .fc-form.fc-form-2 .form-element .customText-cover a,\n\t\t\t.formcraft-css .prev-next>div span:hover\n\t\t\t{\n\t\t\t\tcolor: #6199ed;\n\t\t\t}\n\t\t\t.formcraft-css .fc-form.fc-form-2 .form-element .customText-cover a:hover\n\t\t\t{\n\t\t\t\tcolor: #5586d0;\n\t\t\t}\n\t\t\thtml .formcraft-css .fc-form.fc-form-2.label-floating .form-element .field-cover > span\n\t\t\t{\n\t\t\t\tcolor: #999999;\n\t\t\t}\n\t\t\thtml .formcraft-css .fc-form .final-success .final-success-check {\n\t\t\t\tborder: 2px solid #999999;\n\t\t\t}\n\t\t\t.formcraft-css .fc-form.fc-form-2 .form-element .field-cover input[type=\"text\"],\n\t\t\t.formcraft-css .fc-form.fc-form-2 .form-element .field-cover input[type=\"email\"],\n\t\t\t.formcraft-css .fc-form.fc-form-2 .form-element .field-cover input[type=\"password\"],\n\t\t\t.formcraft-css .fc-form.fc-form-2 .form-element .field-cover input[type=\"tel\"],\n\t\t\t.formcraft-css .fc-form.fc-form-2 .form-element .field-cover textarea,\n\t\t\t.formcraft-css .fc-form.fc-form-2 .form-element .field-cover select,\n\t\t\t.formcraft-css .fc-form.fc-form-2 .form-element .field-cover .time-fields-cover,\n\t\t\t.formcraft-css .fc-form.fc-form-2 .form-element .field-cover .awesomplete ul\n\t\t\t{\n\t\t\t\tcolor: #777;\n\t\t\t}\n\t\t\t.formcraft-css .fc-form.fc-form-2 .form-element .field-cover input[type=\"text\"],\n\t\t\t.formcraft-css .fc-form.fc-form-2 .form-element .field-cover input[type=\"password\"],\n\t\t\t.formcraft-css .fc-form.fc-form-2 .form-element .field-cover input[type=\"email\"],\n\t\t\t.formcraft-css .fc-form.fc-form-2 .form-element .field-cover input[type=\"radio\"],\n\t\t\t.formcraft-css .fc-form.fc-form-2 .form-element .field-cover input[type=\"checkbox\"],\n\t\t\t.formcraft-css .fc-form.fc-form-2 .form-element .field-cover input[type=\"tel\"],\n\t\t\t.formcraft-css .fc-form.fc-form-2 .form-element .field-cover select,\n\t\t\t.formcraft-css .fc-form.fc-form-2 .form-element .field-cover textarea\n\t\t\t{\n\t\t\t\tbackground-color: #fafafa;\n\t\t\t}\n\t\t\t.formcraft-css .fc-form.fc-form-2 .form-element .field-cover input[type=\"radio\"]:checked,\n\t\t\t.formcraft-css .fc-form.fc-form-2 .form-element .field-cover input[type=\"checkbox\"]:checked {\n\t\t\t\tborder-color: #5586d0;\n\t\t\t\tbackground: #6199ed;\t\t\t\t\n\t\t\t}\n\t\t\t.formcraft-css .fc-form.fc-form-2 .form-element .star-cover label .star\n\t\t\t{\n\t\t\t\ttext-shadow: 0px 1px 0px #5586d0;\n\t\t\t}\n\t\t\t.formcraft-css .fc-form.fc-form-2 .form-element .slider-cover .ui-slider-range\n\t\t\t{\n\t\t\t\tbox-shadow: 0px 1px 1px #5586d0 inset;\n\t\t\t}\n\t\t\t.formcraft-css .fc-form.fc-form-2 .form-element .fileupload-cover .button-file\n\t\t\t{\n\t\t\t\tborder-color: #5586d0;\n\t\t\t}\n\t\t\t.formcraft-css .fc-form.fc-form-2 .form-element .form-element-html input[type=\"password\"]:focus,\n\t\t\t.formcraft-css .fc-form.fc-form-2 .form-element .form-element-html input[type=\"email\"]:focus,\n\t\t\t.formcraft-css .fc-form.fc-form-2 .form-element .form-element-html input[type=\"tel\"]:focus,\n\t\t\t.formcraft-css .fc-form.fc-form-2 .form-element .form-element-html input[type=\"text\"]:focus,\n\t\t\t.formcraft-css .fc-form.fc-form-2 .form-element .form-element-html textarea:focus,\n\t\t\t.formcraft-css .fc-form.fc-form-2 .form-element .form-element-html select:focus\n\t\t\t{\n\t\t\t\tborder-color: #6199ed;\n\t\t\t}\n\t\t\t.formcraft-css .fc-form.fc-form-2 .form-element .form-element-html .field-cover .is-read-only:focus {\n\t\t\t\tborder-color: #ccc;\n\t\t\t}\n\t\t\t.formcraft-css .fc-form.fc-form-2\t\t\t{\n\t\t\t\tfont-family: Ubuntu;\n\t\t\t}\n\t\t\t@media (max-width : 480px) {\n\t\t\t\thtml .dedicated-page,\n\t\t\t\thtml .dedicated-page .formcraft-css .fc-pagination > div.active\n\t\t\t\t{\n\t\t\t\t\tbackground: none;\n\t\t\t\t}\n\t\t\t}\n\t\t<\/style>\n\t\t<div class=\"form-cover\">\n\t\t\t<form data-auto-scroll=\"\" data-no-message-redirect=\"\" data-thousand=\"\" data-decimal=\".\" data-delay=\"\" data-id=\"2\" class=\"fc-form fc-form-2 align- fc-temp-class save-form- dont-submit-hidden- disable-enter- label-floating field-border-visible frame-hidden remove-asterisk-true icons-hide-false field-alignment-left  \" style=\"width: 700px; color: #999999; font-size: 110%; background: none\">\n\t\t\t\t<!-- ngRepeat: page in Builder.FormElements track by $index --><div class=\"form-page form-page-0\" data-index=\"0\">\n\t\t\t\t\t\n\t\t\t\t\t<div class=\"form-page-content      ng-not-empty\">\n\t\t\t\t\t\t<div data-identifier=\"field20\" data-index=\"0\" style=\"width: 100%; position: relative; z-index: 101; left: 0px; top: -10.725px\" class=\" form-element form-element-field20 default-false form-element-type-heading is-required-false -handle odd form-element-0 options-false\">\n\t\t\t\t\t\t\t<div class=\"form-element-html\"><div ><div style=\"background-color:\" class=\"heading-cover field-cover \"><div style=\"text-align: left; font-size: 1.0999999999999996em; padding-top: ; padding-bottom: ; color: #5e5e5e\" class=\"bold-\"><span >Preencha o seguinte formul\u00e1rio para simularmos o valor da presta\u00e7\u00e3o mensal.<\/span><\/div><input type=\"hidden\" data-field-id=\"field20\" name=\"field20[]\" value=\"Preencha o seguinte formul\u00e1rio para simularmos o valor da presta\u00e7\u00e3o mensal.\"><\/div><\/div><\/div>\n\t\t\t\t\t\t\t\n\t\t\t\t\t\t<\/div><div data-identifier=\"field1\" data-index=\"1\" style=\"width: 100%\" class=\" form-element form-element-field1 default-false form-element-type-oneLineText is-required-true -handle even form-element-1 options-false\">\n\t\t\t\t\t\t\t<div class=\"form-element-html\"><div ><label class=\"oneLineText-cover field-cover \"><span class=\"sub-label-true\"><span class=\"main-label\"><span >Nome<\/span><\/span><span class=\"sub-label\"><span >your full name<\/span><\/span><\/span><div><span class=\"error\"><\/span><input type=\"text\" placeholder=\"\" make-read-only=\"\" data-field-id=\"field1\" name=\"field1[]\" data-min-char=\"\" data-max-char=\"\" data-val-type=\"\" data-regexp=\"\" data-is-required=\"true\" data-allow-spaces=\"false\" class=\"validation-lenient\" data-placement=\"right\" data-toggle=\"tooltip\" tooltip=\"\" data-trigger=\"focus\" data-html=\"true\" data-input-mask=\"\" data-mask-placeholder=\"\" data-original-title=\"\"><i class=\"formcraft-icon formcraft-icon-type-\"><\/i><\/div><\/label><\/div><\/div>\n\t\t\t\t\t\t\t\n\t\t\t\t\t\t<\/div><div data-identifier=\"field10\" data-index=\"2\" style=\"width: 100%\" class=\" form-element form-element-field10 options-false default-false form-element-type-oneLineText is-required-false -handle odd form-element-2\">\n\t\t\t\t\t\t\t<div class=\"form-element-html\"><div ><label class=\"oneLineText-cover field-cover \"><span class=\"sub-label-true\"><span class=\"main-label\"><span >Contato telef\u00f3nico<\/span><\/span><span class=\"sub-label\"><span >telefone<\/span><\/span><\/span><div><span class=\"error\"><\/span><input type=\"text\" placeholder=\"\" make-read-only=\"false\" data-field-id=\"field10\" name=\"field10[]\" data-min-char=\"\" data-max-char=\"20\" data-val-type=\"numbers\" data-regexp=\"\" data-is-required=\"false\" data-allow-spaces=\"\" class=\"validation-lenient\" data-placement=\"right\" data-toggle=\"tooltip\" tooltip=\"\" data-trigger=\"focus\" data-html=\"true\" data-input-mask=\"\" data-mask-placeholder=\"\" data-original-title=\"\"><i class=\"formcraft-icon formcraft-icon-type-\"><\/i><\/div><\/label><\/div><\/div>\n\t\t\t\t\t\t\t\n\t\t\t\t\t\t<\/div><div data-identifier=\"field2\" data-index=\"3\" style=\"width: 100%\" class=\" form-element form-element-field2 options-false default-false form-element-type-email is-required-true -handle even form-element-3\">\n\t\t\t\t\t\t\t<div class=\"form-element-html\"><div ><label class=\"email-cover field-cover \"><span class=\"sub-label-true\"><span class=\"main-label\"><span >Email<\/span><\/span><span class=\"sub-label\"><span >a valid email<\/span><\/span><\/span><div><span class=\"error\"><\/span><input placeholder=\"\" data-field-id=\"field2\" type=\"text\" data-val-type=\"email\" make-read-only=\"\" data-is-required=\"true\" name=\"field2\" class=\"validation-lenient\" data-placement=\"right\" data-toggle=\"tooltip\" tooltip=\"\" data-trigger=\"focus\" data-html=\"true\" data-original-title=\"\"><i class=\"formcraft-icon\">email<\/i><\/div><\/label><\/div><\/div>\n\t\t\t\t\t\t\t\n\t\t\t\t\t\t<\/div><div data-identifier=\"field12\" data-index=\"4\" style=\"width: 100%; position: relative; z-index: 101; left: 0px; top: 0px\" class=\" form-element form-element-field12 default-false form-element-type-fileupload is-required-false -handle odd form-element-4 options-false\">\n\t\t\t\t\t\t\t<div class=\"form-element-html\"><div ><label class=\"wide- fileupload-cover field-cover\"><span class=\"sub-label-\"><span class=\"main-label\"><span >Imagens do Cart\u00e3o de Cidad\u00e3o (frente e verso)<\/span><\/span><span class=\"sub-label\"><span >upload<\/span><\/span><\/span><div><span class=\"error\"><\/span><div class=\"button button-file fileupload-button\" data-placement=\"right\" data-toggle=\"tooltip\" tooltip=\"\" data-trigger=\"hover\" data-html=\"true\" data-original-title=\"\"><i class=\"icon-upload-cloud formcraft-icon\">cloud_upload<\/i><span >Carregar<\/span><input type=\"file\" data-name-list=\"field12\" name=\"files\" multiple=\"multiple\" data-allow-extensions=\"jpg,png\" data-min-files=\"1\" data-max-files=\"4\" data-max-size=\"4024000\"><\/div><\/div><\/label><\/div><\/div>\n\t\t\t\t\t\t\t\n\t\t\t\t\t\t<\/div><div data-identifier=\"field13\" data-index=\"5\" style=\"width: 100%\" class=\" form-element form-element-field13 default-false form-element-type-fileupload is-required-false options-false -handle even form-element-5\">\n\t\t\t\t\t\t\t<div class=\"form-element-html\"><div ><label class=\"wide- fileupload-cover field-cover\"><span class=\"sub-label-\"><span class=\"main-label\"><span >Comprovativo de morada (fatura eletricidade \/ \u00e1gua \/ telefone)<\/span><\/span><span class=\"sub-label\"><span >upload<\/span><\/span><\/span><div><span class=\"error\"><\/span><div class=\"button button-file fileupload-button\" data-placement=\"right\" data-toggle=\"tooltip\" tooltip=\"\" data-trigger=\"hover\" data-html=\"true\" data-original-title=\"\"><i class=\"icon-upload-cloud formcraft-icon\">cloud_upload<\/i><span >Carregar<\/span><input type=\"file\" data-name-list=\"field13\" name=\"files\" multiple=\"multiple\" data-allow-extensions=\"jpg,png\" data-min-files=\"\" data-max-files=\"4\" data-max-size=\"4024000\"><\/div><\/div><\/label><\/div><\/div>\n\t\t\t\t\t\t\t\n\t\t\t\t\t\t<\/div><div data-identifier=\"field14\" data-index=\"6\" style=\"width: 100%; position: relative; z-index: 101; left: 0px; top: 0px\" class=\" form-element form-element-field14 default-false form-element-type-fileupload is-required-false options-false -handle odd form-element-6\">\n\t\t\t\t\t\t\t<div class=\"form-element-html\"><div ><label class=\"wide- fileupload-cover field-cover\"><span class=\"sub-label-\"><span class=\"main-label\"><span >Imagens dos \u00faltimos 3 recibos de vencimento<\/span><\/span><span class=\"sub-label\"><span >upload<\/span><\/span><\/span><div><span class=\"error\"><\/span><div class=\"button button-file fileupload-button\" data-placement=\"right\" data-toggle=\"tooltip\" tooltip=\"\" data-trigger=\"hover\" data-html=\"true\" data-original-title=\"\"><i class=\"icon-upload-cloud formcraft-icon\">cloud_upload<\/i><span >Carregar<\/span><input type=\"file\" data-name-list=\"field14\" name=\"files\" multiple=\"multiple\" data-allow-extensions=\"jpg,png\" data-min-files=\"\" data-max-files=\"4\" data-max-size=\"4024000\"><\/div><\/div><\/label><\/div><\/div>\n\t\t\t\t\t\t\t\n\t\t\t\t\t\t<\/div><div data-identifier=\"field15\" data-index=\"7\" style=\"width: 100%\" class=\" form-element form-element-field15 default-false form-element-type-fileupload is-required-false options-false -handle even form-element-7\">\n\t\t\t\t\t\t\t<div class=\"form-element-html\"><div ><label class=\"wide- fileupload-cover field-cover\"><span class=\"sub-label-\"><span class=\"main-label\"><span >Comprovativo IRS<\/span><\/span><span class=\"sub-label\"><span >upload<\/span><\/span><\/span><div><span class=\"error\"><\/span><div class=\"button button-file fileupload-button\" data-placement=\"right\" data-toggle=\"tooltip\" tooltip=\"\" data-trigger=\"hover\" data-html=\"true\" data-original-title=\"\"><i class=\"icon-upload-cloud formcraft-icon\">cloud_upload<\/i><span >Carregar<\/span><input type=\"file\" data-name-list=\"field15\" name=\"files\" multiple=\"multiple\" data-allow-extensions=\"jpg,png\" data-min-files=\"\" data-max-files=\"4\" data-max-size=\"4024000\"><\/div><\/div><\/label><\/div><\/div>\n\t\t\t\t\t\t\t\n\t\t\t\t\t\t<\/div><div data-identifier=\"field16\" data-index=\"8\" style=\"width: 100%\" class=\" form-element form-element-field16 default-false form-element-type-fileupload is-required-false options-false -handle odd form-element-8\">\n\t\t\t\t\t\t\t<div class=\"form-element-html\"><div ><label class=\"wide- fileupload-cover field-cover\"><span class=\"sub-label-\"><span class=\"main-label\"><span >Comprovativo IBAN<\/span><\/span><span class=\"sub-label\"><span >upload<\/span><\/span><\/span><div><span class=\"error\"><\/span><div class=\"button button-file fileupload-button\" data-placement=\"right\" data-toggle=\"tooltip\" tooltip=\"\" data-trigger=\"hover\" data-html=\"true\" data-original-title=\"\"><i class=\"icon-upload-cloud formcraft-icon\">cloud_upload<\/i><span >Carregar<\/span><input type=\"file\" data-name-list=\"field16\" name=\"files\" multiple=\"multiple\" data-allow-extensions=\"jpg,png\" data-min-files=\"\" data-max-files=\"4\" data-max-size=\"4024000\"><\/div><\/div><\/label><\/div><\/div>\n\t\t\t\t\t\t\t\n\t\t\t\t\t\t<\/div><div data-identifier=\"field6\" data-index=\"9\" style=\"width: 100%\" class=\" form-element form-element-field6 options-false default-false form-element-type-textarea is-required-true -handle even form-element-9\">\n\t\t\t\t\t\t\t<div class=\"form-element-html\"><div ><label class=\"textarea-cover field-cover \"><span class=\"sub-label-true\"><span class=\"main-label\"><span >Mensagem<\/span><\/span><span class=\"sub-label\"><span >more details<\/span><\/span><\/span><div><span class=\"error\"><\/span><textarea data-field-id=\"field6\" placeholder=\"\" class=\"validation-lenient\" name=\"field6\" value=\"\" rows=\"1\" data-min-char=\"\" data-max-char=\"100\" data-is-required=\"true\" data-placement=\"right\" data-toggle=\"tooltip\" tooltip=\"\" data-trigger=\"focus\" data-html=\"true\" data-original-title=\"\" style=\"min-height: 36.9176px\"><\/textarea><div class=\"count-true\"><span class=\"current-count\">0<\/span> \/ <span class=\"max-count \">100<\/span><\/div><\/div><\/label><\/div><\/div>\n\t\t\t\t\t\t\t\n\t\t\t\t\t\t<\/div><div data-identifier=\"field3\" data-index=\"10\" style=\"width: 100%\" class=\" form-element form-element-field3 options-false default-false form-element-type-submit is-required-false -handle odd form-element-10\">\n\t\t\t\t\t\t\t<div class=\"form-element-html\"><div ><div class=\"align-right wide-false submit-cover field-cover\"><button type=\"submit\" class=\"button submit-button\"><span class=\"text \">Enviar*<\/span><span class=\"spin-cover\"><i style=\"color:\" class=\"loading-icon icon-cog animate-spin\"><\/i><\/span><\/button><\/div><div class=\"submit-response \"><\/div><label ><input type=\"text\" class=\"required_field\" name=\"website\" autocomplete=\"maple-syrup-pot\"><\/label><\/div><\/div>\n\t\t\t\t\t\t\t\n\t\t\t\t\t\t<\/div><div data-identifier=\"field11\" data-index=\"11\" style=\"width: 100%\" class=\" form-element form-element-field11 options-false default-false form-element-type-customText is-required-false -handle even form-element-11\">\n\t\t\t\t\t\t\t<div class=\"form-element-html\"><div ><div class=\"absolute-false customText-cover field-cover\" style=\"left: ; top: ;right: ;bottom: ;color: #666666 !important; background-color:\"><div class=\"full\" style=\"text-align: left\"><p >* ao enviar este email declara que autoriza automaticamente ser contatado\/a por n\u00f3s com resposta ao seu assunto e\/ou eventuais propostas comerciais. Para mais informa\u00e7\u00f5es contate a nossa <a href=\"http:\/\/stancedubs.net\/politica-de-privacidade\" target=\"\">Pol\u00edtica de Privacidade<\/a>.<\/p><\/div><input type=\"hidden\" name=\"field11\" data-field-id=\"field11\"><\/div><\/div><\/div>\n\t\t\t\t\t\t\t\n\t\t\t\t\t\t<\/div>\n\t\t\t\t\t<\/div>\n\t\t\t\t<\/div><!-- end ngRepeat: page in Builder.FormElements track by $index -->\n\t\t\t<\/form>\n\t\t\t<div class=\"prev-next prev-next-1\" style=\"width: 700px; color: #999999; font-size: 110%; background: none\">\n\t\t\t\t<div>\n\t\t\t\t\t\n\t\t\t\t\t<span class=\"inactive page-prev \"><i class=\"formcraft-icon\">keyboard_arrow_left<\/i>Previous<\/span><\/div>\n\t\t\t\t<div>\n\t\t\t\t\t\n\t\t\t\t\t<span class=\"page-next \">Next<i class=\"formcraft-icon\">keyboard_arrow_right<\/i><\/span><\/div>\n\t\t\t<\/div>\n\t\t<\/div><a class=\"powered-by\" target=\"_blank\" href=\"http:\/\/formcraft-wp.com?source=pb\"\/>FormCraft &#8211; WordPress form builder<\/a><\/div><\/p>\t\t\t\t\t\t\t\t<\/div>\n\t\t\t\t<\/div>\n\t\t\t\t\t<\/div>\n\t\t\t\t<\/div>\n\t\t\t\t<\/div>\n\t\t","protected":false},"excerpt":{"rendered":"<p>Cr\u00e9dito Autom\u00f3vel &#8220;Cr\u00e9dito Autom\u00f3vel&#8221; refere-se a um tipo de financiamento destinado \u00e0 compra de ve\u00edculos, geralmente concedido por bancos, financeiras ou concession\u00e1rios. Conduza o carro dos seus sonhos hoje! Com o nosso Cr\u00e9dito Autom\u00f3vel, \u00e9 mais f\u00e1cil do que imagina! \u00a0 \ud83d\udcb0 Taxas competitivas\ud83d\udcc5 Prazos flex\u00edveis at\u00e9 120 meses\u2705 Aprova\u00e7\u00e3o r\u00e1pida e sem burocracia\ud83d\ude98 Financiamento [&hellip;]<\/p>\n","protected":false},"author":1,"featured_media":0,"parent":0,"menu_order":0,"comment_status":"closed","ping_status":"closed","template":"","meta":{"_acf_changed":false,"footnotes":""},"class_list":["post-12464","page","type-page","status-publish","hentry"],"acf":[],"_links":{"self":[{"href":"https:\/\/stancedubs.net\/auto\/wp-json\/wp\/v2\/pages\/12464","targetHints":{"allow":["GET"]}}],"collection":[{"href":"https:\/\/stancedubs.net\/auto\/wp-json\/wp\/v2\/pages"}],"about":[{"href":"https:\/\/stancedubs.net\/auto\/wp-json\/wp\/v2\/types\/page"}],"author":[{"embeddable":true,"href":"https:\/\/stancedubs.net\/auto\/wp-json\/wp\/v2\/users\/1"}],"replies":[{"embeddable":true,"href":"https:\/\/stancedubs.net\/auto\/wp-json\/wp\/v2\/comments?post=12464"}],"version-history":[{"count":15,"href":"https:\/\/stancedubs.net\/auto\/wp-json\/wp\/v2\/pages\/12464\/revisions"}],"predecessor-version":[{"id":24374,"href":"https:\/\/stancedubs.net\/auto\/wp-json\/wp\/v2\/pages\/12464\/revisions\/24374"}],"wp:attachment":[{"href":"https:\/\/stancedubs.net\/auto\/wp-json\/wp\/v2\/media?parent=12464"}],"curies":[{"name":"wp","href":"https:\/\/api.w.org\/{rel}","templated":true}]}}